{"id":1482,"date":"2024-05-25T15:22:20","date_gmt":"2024-05-25T13:22:20","guid":{"rendered":"https:\/\/ideaphoto06.fr\/?page_id=1482"},"modified":"2024-05-25T15:23:35","modified_gmt":"2024-05-25T13:23:35","slug":"plan-de-site","status":"publish","type":"page","link":"https:\/\/ideaphoto06.fr\/index.php\/plan-de-site\/","title":{"rendered":"PLAN DE SITE"},"content":{"rendered":"\t\t<div data-elementor-type=\"wp-page\" data-elementor-id=\"1482\" class=\"elementor elementor-1482\" data-elementor-post-type=\"page\">\n\t\t\t\t<div class=\"elementor-element elementor-element-02fa791 e-flex e-con-boxed e-con e-parent\" data-id=\"02fa791\" data-element_type=\"container\" data-e-type=\"container\">\n\t\t\t\t\t<div class=\"e-con-inner\">\n\t\t\t\t<div class=\"elementor-element elementor-element-d3a2f73 elementor-widget elementor-widget-heading\" data-id=\"d3a2f73\" data-element_type=\"widget\" data-e-type=\"widget\" data-widget_type=\"heading.default\">\n\t\t\t\t<div class=\"elementor-widget-container\">\n\t\t\t\t\t<h1 class=\"elementor-heading-title elementor-size-default\">Plan de site IDEA PHOTO<\/h1>\t\t\t\t<\/div>\n\t\t\t\t<\/div>\n\t\t\t\t<div class=\"elementor-element elementor-element-0723af8 elementor-widget elementor-widget-sitemap\" data-id=\"0723af8\" data-element_type=\"widget\" data-e-type=\"widget\" data-widget_type=\"sitemap.default\">\n\t\t\t\t<div class=\"elementor-widget-container\">\n\t\t\t\t\t<div class=\"elementor-sitemap-wrap\"><div class=\"elementor-sitemap-section\"><h2 class=\"elementor-sitemap-title elementor-sitemap-page-title\">Pages<\/h2><ul class=\"elementor-sitemap-list elementor-sitemap-page-list\"><li class=\"elementor-sitemap-item elementor-sitemap-item-page page_item page-item-1482\"><a href=\"https:\/\/ideaphoto06.fr\/index.php\/plan-de-site\/\">PLAN DE SITE<\/a><\/li><li class=\"elementor-sitemap-item elementor-sitemap-item-page page_item page-item-1444\"><a href=\"https:\/\/ideaphoto06.fr\/index.php\/photographe-anniversaire-a-vence\/\">Photographe anniversaire \u00e0 Vence<\/a><\/li><li class=\"elementor-sitemap-item elementor-sitemap-item-page page_item page-item-1443\"><a href=\"https:\/\/ideaphoto06.fr\/index.php\/photographe-anniversaire-a-grasse\/\">Photographe anniversaire \u00e0 Grasse<\/a><\/li><li class=\"elementor-sitemap-item elementor-sitemap-item-page page_item page-item-1442\"><a href=\"https:\/\/ideaphoto06.fr\/index.php\/photographe-anniversaire-a-mougins\/\">Photographe anniversaire \u00e0 Mougins<\/a><\/li><li class=\"elementor-sitemap-item elementor-sitemap-item-page page_item page-item-1441\"><a href=\"https:\/\/ideaphoto06.fr\/index.php\/photographe-anniversaire-a-cannes\/\">Photographe anniversaire \u00e0 Cannes<\/a><\/li><li class=\"elementor-sitemap-item elementor-sitemap-item-page page_item page-item-1440\"><a href=\"https:\/\/ideaphoto06.fr\/index.php\/photographe-anniversaire-a-nice\/\">Photographe anniversaire \u00e0 Nice<\/a><\/li><li class=\"elementor-sitemap-item elementor-sitemap-item-page page_item page-item-1439\"><a href=\"https:\/\/ideaphoto06.fr\/index.php\/photographe-anniversaire-a-saint-laurent-du-var\/\">Photographe anniversaire \u00e0 Saint-Laurent-du-Var<\/a><\/li><li class=\"elementor-sitemap-item elementor-sitemap-item-page page_item page-item-1438\"><a href=\"https:\/\/ideaphoto06.fr\/index.php\/photographe-anniversaire-a-antibes\/\">Photographe anniversaire \u00e0 Antibes<\/a><\/li><li class=\"elementor-sitemap-item elementor-sitemap-item-page page_item page-item-1437\"><a href=\"https:\/\/ideaphoto06.fr\/index.php\/photographe-anniversaire-a-cagnes-sur-mer\/\">Photographe anniversaire \u00e0 Cagnes-sur-Mer<\/a><\/li><li class=\"elementor-sitemap-item elementor-sitemap-item-page page_item page-item-1436\"><a href=\"https:\/\/ideaphoto06.fr\/index.php\/photographe-mariage-a-la-colle-sur-loup\/\">Photographe mariage \u00e0 La Colle-sur-Loup<\/a><\/li><li class=\"elementor-sitemap-item elementor-sitemap-item-page page_item page-item-1435\"><a href=\"https:\/\/ideaphoto06.fr\/index.php\/photographe-mariage-a-saint-paul-de-vence\/\">Photographe mariage \u00e0 Saint-Paul-de-Vence<\/a><\/li><li class=\"elementor-sitemap-item elementor-sitemap-item-page page_item page-item-1434\"><a href=\"https:\/\/ideaphoto06.fr\/index.php\/photographe-mariage-a-vence\/\">Photographe mariage \u00e0 Vence<\/a><\/li><li class=\"elementor-sitemap-item elementor-sitemap-item-page page_item page-item-1433\"><a href=\"https:\/\/ideaphoto06.fr\/index.php\/photographe-mariage-a-grasse\/\">Photographe mariage \u00e0 Grasse<\/a><\/li><li class=\"elementor-sitemap-item elementor-sitemap-item-page page_item page-item-1432\"><a href=\"https:\/\/ideaphoto06.fr\/index.php\/photographe-mariage-a-mougins\/\">Photographe mariage \u00e0 Mougins<\/a><\/li><li class=\"elementor-sitemap-item elementor-sitemap-item-page page_item page-item-1431\"><a href=\"https:\/\/ideaphoto06.fr\/index.php\/photographe-mariage-a-cannes\/\">Photographe mariage \u00e0 Cannes<\/a><\/li><li class=\"elementor-sitemap-item elementor-sitemap-item-page page_item page-item-1430\"><a href=\"https:\/\/ideaphoto06.fr\/index.php\/photographe-mariage-a-nice\/\">Photographe mariage \u00e0 Nice<\/a><\/li><li class=\"elementor-sitemap-item elementor-sitemap-item-page page_item page-item-1429\"><a href=\"https:\/\/ideaphoto06.fr\/index.php\/photographe-mariage-a-saint-laurent-du-var\/\">Photographe mariage \u00e0 Saint-Laurent-du-Var<\/a><\/li><li class=\"elementor-sitemap-item elementor-sitemap-item-page page_item page-item-1428\"><a href=\"https:\/\/ideaphoto06.fr\/index.php\/photographe-mariage-a-antibes\/\">Photographe mariage \u00e0 Antibes<\/a><\/li><li class=\"elementor-sitemap-item elementor-sitemap-item-page page_item page-item-1427\"><a href=\"https:\/\/ideaphoto06.fr\/index.php\/photographe-mariage-a-cagnes-sur-mer\/\">Photographe mariage \u00e0 Cagnes-sur-Mer<\/a><\/li><li class=\"elementor-sitemap-item elementor-sitemap-item-page page_item page-item-1426\"><a href=\"https:\/\/ideaphoto06.fr\/index.php\/forfait-photo-mariage-a-la-colle-sur-loup\/\">Forfait photo mariage \u00e0 La Colle-sur-Loup<\/a><\/li><li class=\"elementor-sitemap-item elementor-sitemap-item-page page_item page-item-1425\"><a href=\"https:\/\/ideaphoto06.fr\/index.php\/forfait-photo-mariage-a-saint-paul-de-vence\/\">Forfait photo mariage \u00e0 Saint-Paul-de-Vence<\/a><\/li><li class=\"elementor-sitemap-item elementor-sitemap-item-page page_item page-item-1424\"><a href=\"https:\/\/ideaphoto06.fr\/index.php\/forfait-photo-mariage-a-vence\/\">Forfait photo mariage \u00e0 Vence<\/a><\/li><li class=\"elementor-sitemap-item elementor-sitemap-item-page page_item page-item-1423\"><a href=\"https:\/\/ideaphoto06.fr\/index.php\/forfait-photo-mariage-a-grasse\/\">Forfait photo mariage \u00e0 Grasse<\/a><\/li><li class=\"elementor-sitemap-item elementor-sitemap-item-page page_item page-item-1422\"><a href=\"https:\/\/ideaphoto06.fr\/index.php\/forfait-photo-mariage-a-mougins\/\">Forfait photo mariage \u00e0 Mougins<\/a><\/li><li class=\"elementor-sitemap-item elementor-sitemap-item-page page_item page-item-1421\"><a href=\"https:\/\/ideaphoto06.fr\/index.php\/forfait-photo-mariage-a-cannes\/\">Forfait photo mariage \u00e0 Cannes<\/a><\/li><li class=\"elementor-sitemap-item elementor-sitemap-item-page page_item page-item-1420\"><a href=\"https:\/\/ideaphoto06.fr\/index.php\/forfait-photo-mariage-a-nice\/\">Forfait photo mariage \u00e0 Nice<\/a><\/li><li class=\"elementor-sitemap-item elementor-sitemap-item-page page_item page-item-1419\"><a href=\"https:\/\/ideaphoto06.fr\/index.php\/forfait-photo-mariage-a-saint-laurent-du-var\/\">Forfait photo mariage \u00e0 Saint-Laurent-du-Var<\/a><\/li><li class=\"elementor-sitemap-item elementor-sitemap-item-page page_item page-item-1418\"><a href=\"https:\/\/ideaphoto06.fr\/index.php\/forfait-photo-mariage-a-antibes\/\">Forfait photo mariage \u00e0 Antibes<\/a><\/li><li class=\"elementor-sitemap-item elementor-sitemap-item-page page_item page-item-1417\"><a href=\"https:\/\/ideaphoto06.fr\/index.php\/forfait-photo-mariage-a-cagnes-sur-mer\/\">Forfait photo mariage \u00e0 Cagnes-sur-Mer<\/a><\/li><li class=\"elementor-sitemap-item elementor-sitemap-item-page page_item page-item-1416\"><a href=\"https:\/\/ideaphoto06.fr\/index.php\/photographe-a-la-colle-sur-loup\/\">Photographe \u00e0 La Colle-sur-Loup<\/a><\/li><li class=\"elementor-sitemap-item elementor-sitemap-item-page page_item page-item-1415\"><a href=\"https:\/\/ideaphoto06.fr\/index.php\/photographe-a-saint-paul-de-vence\/\">Photographe \u00e0 Saint-Paul-de-Vence<\/a><\/li><li class=\"elementor-sitemap-item elementor-sitemap-item-page page_item page-item-1414\"><a href=\"https:\/\/ideaphoto06.fr\/index.php\/photographe-a-vence\/\">Photographe \u00e0 Vence<\/a><\/li><li class=\"elementor-sitemap-item elementor-sitemap-item-page page_item page-item-1413\"><a href=\"https:\/\/ideaphoto06.fr\/index.php\/photographe-a-grasse\/\">Photographe \u00e0 Grasse<\/a><\/li><li class=\"elementor-sitemap-item elementor-sitemap-item-page page_item page-item-1412\"><a href=\"https:\/\/ideaphoto06.fr\/index.php\/photographe-a-mougins\/\">Photographe \u00e0 Mougins<\/a><\/li><li class=\"elementor-sitemap-item elementor-sitemap-item-page page_item page-item-1411\"><a href=\"https:\/\/ideaphoto06.fr\/index.php\/photographe-a-cannes\/\">Photographe \u00e0 Cannes<\/a><\/li><li class=\"elementor-sitemap-item elementor-sitemap-item-page page_item page-item-1410\"><a href=\"https:\/\/ideaphoto06.fr\/index.php\/photographe-a-nice\/\">Photographe \u00e0 Nice<\/a><\/li><li class=\"elementor-sitemap-item elementor-sitemap-item-page page_item page-item-1409\"><a href=\"https:\/\/ideaphoto06.fr\/index.php\/photographe-a-saint-laurent-du-var\/\">Photographe \u00e0 Saint-Laurent-du-Var<\/a><\/li><li class=\"elementor-sitemap-item elementor-sitemap-item-page page_item page-item-1408\"><a href=\"https:\/\/ideaphoto06.fr\/index.php\/photographe-a-antibes\/\">Photographe \u00e0 Antibes<\/a><\/li><li class=\"elementor-sitemap-item elementor-sitemap-item-page page_item page-item-1407\"><a href=\"https:\/\/ideaphoto06.fr\/index.php\/photographe-a-cagnes-sur-mer\/\">Photographe \u00e0 Cagnes-sur-Mer<\/a><\/li><li class=\"elementor-sitemap-item elementor-sitemap-item-page page_item page-item-1406\"><a href=\"https:\/\/ideaphoto06.fr\/index.php\/photo-booth-a-la-colle-sur-loup\/\">Photo booth \u00e0 La Colle-sur-Loup<\/a><\/li><li class=\"elementor-sitemap-item elementor-sitemap-item-page page_item page-item-1405\"><a href=\"https:\/\/ideaphoto06.fr\/index.php\/photo-booth-a-saint-paul-de-vence\/\">Photo booth \u00e0 Saint-Paul-de-Vence<\/a><\/li><li class=\"elementor-sitemap-item elementor-sitemap-item-page page_item page-item-1404\"><a href=\"https:\/\/ideaphoto06.fr\/index.php\/photo-booth-a-vence\/\">Photo booth \u00e0 Vence<\/a><\/li><li class=\"elementor-sitemap-item elementor-sitemap-item-page page_item page-item-1403\"><a href=\"https:\/\/ideaphoto06.fr\/index.php\/photo-booth-a-grasse\/\">Photo booth \u00e0 Grasse<\/a><\/li><li class=\"elementor-sitemap-item elementor-sitemap-item-page page_item page-item-1402\"><a href=\"https:\/\/ideaphoto06.fr\/index.php\/photo-booth-a-mougins\/\">Photo booth \u00e0 Mougins<\/a><\/li><li class=\"elementor-sitemap-item elementor-sitemap-item-page page_item page-item-1401\"><a href=\"https:\/\/ideaphoto06.fr\/index.php\/photo-booth-a-cannes\/\">Photo booth \u00e0 Cannes<\/a><\/li><li class=\"elementor-sitemap-item elementor-sitemap-item-page page_item page-item-1400\"><a href=\"https:\/\/ideaphoto06.fr\/index.php\/photo-booth-a-nice\/\">Photo booth \u00e0 Nice<\/a><\/li><li class=\"elementor-sitemap-item elementor-sitemap-item-page page_item page-item-1399\"><a href=\"https:\/\/ideaphoto06.fr\/index.php\/photo-booth-a-saint-laurent-du-var\/\">Photo booth \u00e0 Saint-Laurent-du-Var<\/a><\/li><li class=\"elementor-sitemap-item elementor-sitemap-item-page page_item page-item-1398\"><a href=\"https:\/\/ideaphoto06.fr\/index.php\/photo-booth-a-antibes\/\">Photo booth \u00e0 Antibes<\/a><\/li><li class=\"elementor-sitemap-item elementor-sitemap-item-page page_item page-item-1397\"><a href=\"https:\/\/ideaphoto06.fr\/index.php\/photo-booth-a-cagnes-sur-mer\/\">Photo booth \u00e0 Cagnes-sur-Mer<\/a><\/li><li class=\"elementor-sitemap-item elementor-sitemap-item-page page_item page-item-1396\"><a href=\"https:\/\/ideaphoto06.fr\/index.php\/photobooth-a-la-colle-sur-loup\/\">Photobooth \u00e0 La Colle-sur-Loup<\/a><\/li><li class=\"elementor-sitemap-item elementor-sitemap-item-page page_item page-item-1395\"><a href=\"https:\/\/ideaphoto06.fr\/index.php\/photobooth-a-saint-paul-de-vence\/\">Photobooth \u00e0 Saint-Paul-de-Vence<\/a><\/li><li class=\"elementor-sitemap-item elementor-sitemap-item-page page_item page-item-1394\"><a href=\"https:\/\/ideaphoto06.fr\/index.php\/photobooth-a-vence\/\">Photobooth \u00e0 Vence<\/a><\/li><li class=\"elementor-sitemap-item elementor-sitemap-item-page page_item page-item-1393\"><a href=\"https:\/\/ideaphoto06.fr\/index.php\/photobooth-a-grasse\/\">Photobooth \u00e0 Grasse<\/a><\/li><li class=\"elementor-sitemap-item elementor-sitemap-item-page page_item page-item-1392\"><a href=\"https:\/\/ideaphoto06.fr\/index.php\/photobooth-a-mougins\/\">Photobooth \u00e0 Mougins<\/a><\/li><li class=\"elementor-sitemap-item elementor-sitemap-item-page page_item page-item-1391\"><a href=\"https:\/\/ideaphoto06.fr\/index.php\/photobooth-a-cannes\/\">Photobooth \u00e0 Cannes<\/a><\/li><li class=\"elementor-sitemap-item elementor-sitemap-item-page page_item page-item-1390\"><a href=\"https:\/\/ideaphoto06.fr\/index.php\/photobooth-a-nice\/\">Photobooth \u00e0 Nice<\/a><\/li><li class=\"elementor-sitemap-item elementor-sitemap-item-page page_item page-item-1389\"><a href=\"https:\/\/ideaphoto06.fr\/index.php\/photobooth-a-saint-laurent-du-var\/\">Photobooth \u00e0 Saint-Laurent-du-Var<\/a><\/li><li class=\"elementor-sitemap-item elementor-sitemap-item-page page_item page-item-1388\"><a href=\"https:\/\/ideaphoto06.fr\/index.php\/photobooth-a-antibes\/\">Photobooth \u00e0 Antibes<\/a><\/li><li class=\"elementor-sitemap-item elementor-sitemap-item-page page_item page-item-1387\"><a href=\"https:\/\/ideaphoto06.fr\/index.php\/photobooth-a-cagnes-sur-mer\/\">Photobooth \u00e0 Cagnes-sur-Mer<\/a><\/li><li class=\"elementor-sitemap-item elementor-sitemap-item-page page_item page-item-1330\"><a href=\"https:\/\/ideaphoto06.fr\/index.php\/boite-a-photo-a-la-colle-sur-loup\/\">Bo\u00eete \u00e0 photo \u00e0 La Colle-sur-Loup<\/a><\/li><li class=\"elementor-sitemap-item elementor-sitemap-item-page page_item page-item-1329\"><a href=\"https:\/\/ideaphoto06.fr\/index.php\/boite-a-photo-a-saint-paul-de-vence\/\">Bo\u00eete \u00e0 photo \u00e0 Saint-Paul-de-Vence<\/a><\/li><li class=\"elementor-sitemap-item elementor-sitemap-item-page page_item page-item-1328\"><a href=\"https:\/\/ideaphoto06.fr\/index.php\/boite-a-photo-a-vence\/\">Bo\u00eete \u00e0 photo \u00e0 Vence<\/a><\/li><li class=\"elementor-sitemap-item elementor-sitemap-item-page page_item page-item-1327\"><a href=\"https:\/\/ideaphoto06.fr\/index.php\/boite-a-photo-a-grasse\/\">Bo\u00eete \u00e0 photo \u00e0 Grasse<\/a><\/li><li class=\"elementor-sitemap-item elementor-sitemap-item-page page_item page-item-1326\"><a href=\"https:\/\/ideaphoto06.fr\/index.php\/boite-a-photo-a-mougins\/\">Bo\u00eete \u00e0 photo \u00e0 Mougins<\/a><\/li><li class=\"elementor-sitemap-item elementor-sitemap-item-page page_item page-item-1324\"><a href=\"https:\/\/ideaphoto06.fr\/index.php\/boite-a-photo-a-cannes\/\">Bo\u00eete \u00e0 photo \u00e0 Cannes<\/a><\/li><li class=\"elementor-sitemap-item elementor-sitemap-item-page page_item page-item-1322\"><a href=\"https:\/\/ideaphoto06.fr\/index.php\/boite-a-photo-a-nice\/\">Bo\u00eete \u00e0 photo \u00e0 Nice<\/a><\/li><li class=\"elementor-sitemap-item elementor-sitemap-item-page page_item page-item-1321\"><a href=\"https:\/\/ideaphoto06.fr\/index.php\/boite-a-photo-a-saint-laurent-du-var\/\">Bo\u00eete \u00e0 photo \u00e0 Saint-Laurent-du-Var<\/a><\/li><li class=\"elementor-sitemap-item elementor-sitemap-item-page page_item page-item-1320\"><a href=\"https:\/\/ideaphoto06.fr\/index.php\/boite-a-photo-a-antibes\/\">Bo\u00eete \u00e0 photo \u00e0 Antibes<\/a><\/li><li class=\"elementor-sitemap-item elementor-sitemap-item-page page_item page-item-1318\"><a href=\"https:\/\/ideaphoto06.fr\/index.php\/boite-a-photo-a-cagnes-sur-mer\/\">Bo\u00eete \u00e0 photo \u00e0 Cagnes-sur-Mer<\/a><\/li><li class=\"elementor-sitemap-item elementor-sitemap-item-page page_item page-item-1315\"><a href=\"https:\/\/ideaphoto06.fr\/index.php\/photobooth-mariage-a-la-colle-sur-loup\/\">Photobooth mariage \u00e0 La Colle-sur-Loup<\/a><\/li><li class=\"elementor-sitemap-item elementor-sitemap-item-page page_item page-item-1311\"><a href=\"https:\/\/ideaphoto06.fr\/index.php\/photobooth-mariage-a-saint-paul-de-vence\/\">Photobooth mariage \u00e0 Saint-Paul-de-Vence<\/a><\/li><li class=\"elementor-sitemap-item elementor-sitemap-item-page page_item page-item-1309\"><a href=\"https:\/\/ideaphoto06.fr\/index.php\/photobooth-mariage-a-vence\/\">Photobooth mariage \u00e0 Vence<\/a><\/li><li class=\"elementor-sitemap-item elementor-sitemap-item-page page_item page-item-1307\"><a href=\"https:\/\/ideaphoto06.fr\/index.php\/photobooth-mariage-a-grasse\/\">Photobooth mariage \u00e0 Grasse<\/a><\/li><li class=\"elementor-sitemap-item elementor-sitemap-item-page page_item page-item-1305\"><a href=\"https:\/\/ideaphoto06.fr\/index.php\/photobooth-mariage-a-mougins\/\">Photobooth mariage \u00e0 Mougins<\/a><\/li><li class=\"elementor-sitemap-item elementor-sitemap-item-page page_item page-item-1303\"><a href=\"https:\/\/ideaphoto06.fr\/index.php\/photobooth-mariage-a-cannes\/\">Photobooth mariage \u00e0 Cannes<\/a><\/li><li class=\"elementor-sitemap-item elementor-sitemap-item-page page_item page-item-1301\"><a href=\"https:\/\/ideaphoto06.fr\/index.php\/photobooth-mariage-a-nice\/\">Photobooth mariage \u00e0 Nice<\/a><\/li><li class=\"elementor-sitemap-item elementor-sitemap-item-page page_item page-item-1299\"><a href=\"https:\/\/ideaphoto06.fr\/index.php\/photobooth-mariage-a-saint-laurent-du-var\/\">Photobooth mariage \u00e0 Saint-Laurent-du-Var<\/a><\/li><li class=\"elementor-sitemap-item elementor-sitemap-item-page page_item page-item-1297\"><a href=\"https:\/\/ideaphoto06.fr\/index.php\/photobooth-mariage-a-antibes\/\">Photobooth mariage \u00e0 Antibes<\/a><\/li><li class=\"elementor-sitemap-item elementor-sitemap-item-page page_item page-item-1295\"><a href=\"https:\/\/ideaphoto06.fr\/index.php\/photobooth-mariage-a-cagnes-sur-mer\/\">Photobooth mariage \u00e0 Cagnes-sur-Mer<\/a><\/li><li class=\"elementor-sitemap-item elementor-sitemap-item-page page_item page-item-1291\"><a href=\"https:\/\/ideaphoto06.fr\/index.php\/photobooth-comite-dentreprise-a-la-colle-sur-loup\/\">Photobooth comit\u00e9 d&rsquo;entreprise \u00e0 La Colle-sur-Loup<\/a><\/li><li class=\"elementor-sitemap-item elementor-sitemap-item-page page_item page-item-1289\"><a href=\"https:\/\/ideaphoto06.fr\/index.php\/photobooth-comite-dentreprise-a-saint-paul-de-vence\/\">Photobooth comit\u00e9 d&rsquo;entreprise \u00e0 Saint-Paul-de-Vence<\/a><\/li><li class=\"elementor-sitemap-item elementor-sitemap-item-page page_item page-item-1287\"><a href=\"https:\/\/ideaphoto06.fr\/index.php\/photobooth-comite-dentreprise-a-vence\/\">Photobooth comit\u00e9 d&rsquo;entreprise \u00e0 Vence<\/a><\/li><li class=\"elementor-sitemap-item elementor-sitemap-item-page page_item page-item-1285\"><a href=\"https:\/\/ideaphoto06.fr\/index.php\/photobooth-comite-dentreprise-a-grasse\/\">Photobooth comit\u00e9 d&rsquo;entreprise \u00e0 Grasse<\/a><\/li><li class=\"elementor-sitemap-item elementor-sitemap-item-page page_item page-item-1283\"><a href=\"https:\/\/ideaphoto06.fr\/index.php\/photobooth-comite-dentreprise-a-mougins\/\">Photobooth comit\u00e9 d&rsquo;entreprise \u00e0 Mougins<\/a><\/li><li class=\"elementor-sitemap-item elementor-sitemap-item-page page_item page-item-1281\"><a href=\"https:\/\/ideaphoto06.fr\/index.php\/photobooth-comite-dentreprise-a-cannes\/\">Photobooth comit\u00e9 d&rsquo;entreprise \u00e0 Cannes<\/a><\/li><li class=\"elementor-sitemap-item elementor-sitemap-item-page page_item page-item-1279\"><a href=\"https:\/\/ideaphoto06.fr\/index.php\/photobooth-comite-dentreprise-a-nice\/\">Photobooth comit\u00e9 d&rsquo;entreprise \u00e0 Nice<\/a><\/li><li class=\"elementor-sitemap-item elementor-sitemap-item-page page_item page-item-1277\"><a href=\"https:\/\/ideaphoto06.fr\/index.php\/photobooth-comite-dentreprise-a-saint-laurent-du-var\/\">Photobooth comit\u00e9 d&rsquo;entreprise \u00e0 Saint-Laurent-du-Var<\/a><\/li><li class=\"elementor-sitemap-item elementor-sitemap-item-page page_item page-item-1276\"><a href=\"https:\/\/ideaphoto06.fr\/index.php\/photobooth-comite-dentreprise-a-antibes\/\">Photobooth comit\u00e9 d&rsquo;entreprise \u00e0 Antibes<\/a><\/li><li class=\"elementor-sitemap-item elementor-sitemap-item-page page_item page-item-1275\"><a href=\"https:\/\/ideaphoto06.fr\/index.php\/photobooth-comite-dentreprise-a-cagnes-sur-mer\/\">Photobooth comit\u00e9 d&rsquo;entreprise \u00e0 Cagnes-sur-Mer<\/a><\/li><li class=\"elementor-sitemap-item elementor-sitemap-item-page page_item page-item-1273\"><a href=\"https:\/\/ideaphoto06.fr\/index.php\/photographe-evenementiel-a-la-colle-sur-loup\/\">Photographe \u00e9v\u00e8nementiel \u00e0 La Colle-sur-Loup<\/a><\/li><li class=\"elementor-sitemap-item elementor-sitemap-item-page page_item page-item-1271\"><a href=\"https:\/\/ideaphoto06.fr\/index.php\/photographe-evenementiel-a-saint-paul-de-vence\/\">Photographe \u00e9v\u00e8nementiel \u00e0 Saint-Paul-de-Vence<\/a><\/li><li class=\"elementor-sitemap-item elementor-sitemap-item-page page_item page-item-1269\"><a href=\"https:\/\/ideaphoto06.fr\/index.php\/photographe-evenementiel-a-vence\/\">Photographe \u00e9v\u00e8nementiel \u00e0 Vence<\/a><\/li><li class=\"elementor-sitemap-item elementor-sitemap-item-page page_item page-item-1267\"><a href=\"https:\/\/ideaphoto06.fr\/index.php\/photographe-evenementiel-a-grasse\/\">Photographe \u00e9v\u00e8nementiel \u00e0 Grasse<\/a><\/li><li class=\"elementor-sitemap-item elementor-sitemap-item-page page_item page-item-1265\"><a href=\"https:\/\/ideaphoto06.fr\/index.php\/photographe-evenementiel-a-mougins\/\">Photographe \u00e9v\u00e8nementiel \u00e0 Mougins<\/a><\/li><li class=\"elementor-sitemap-item elementor-sitemap-item-page page_item page-item-1263\"><a href=\"https:\/\/ideaphoto06.fr\/index.php\/photographe-evenementiel-a-cannes\/\">Photographe \u00e9v\u00e8nementiel \u00e0 Cannes<\/a><\/li><li class=\"elementor-sitemap-item elementor-sitemap-item-page page_item page-item-1261\"><a href=\"https:\/\/ideaphoto06.fr\/index.php\/photographe-evenementiel-a-nice\/\">Photographe \u00e9v\u00e8nementiel \u00e0 Nice<\/a><\/li><li class=\"elementor-sitemap-item elementor-sitemap-item-page page_item page-item-1259\"><a href=\"https:\/\/ideaphoto06.fr\/index.php\/photographe-evenementiel-a-saint-laurent-du-var\/\">Photographe \u00e9v\u00e8nementiel \u00e0 Saint-Laurent-du-Var<\/a><\/li><li class=\"elementor-sitemap-item elementor-sitemap-item-page page_item page-item-1257\"><a href=\"https:\/\/ideaphoto06.fr\/index.php\/photographe-evenementiel-a-antibes\/\">Photographe \u00e9v\u00e8nementiel \u00e0 Antibes<\/a><\/li><li class=\"elementor-sitemap-item elementor-sitemap-item-page page_item page-item-1255\"><a href=\"https:\/\/ideaphoto06.fr\/index.php\/photographe-evenementiel-a-cagnes-sur-mer\/\">Photographe \u00e9v\u00e8nementiel \u00e0 Cagnes-sur-Mer<\/a><\/li><li class=\"elementor-sitemap-item elementor-sitemap-item-page page_item page-item-1251\"><a href=\"https:\/\/ideaphoto06.fr\/index.php\/photographe-anniversaire-a-la-colle-sur-loup\/\">Photographe anniversaire \u00e0 La Colle-sur-Loup<\/a><\/li><li class=\"elementor-sitemap-item elementor-sitemap-item-page page_item page-item-1250\"><a href=\"https:\/\/ideaphoto06.fr\/index.php\/photographe-anniversaire-a-saint-paul-de-vence\/\">Photographe anniversaire \u00e0 Saint-Paul-de-Vence<\/a><\/li><li class=\"elementor-sitemap-item elementor-sitemap-item-page page_item page-item-67\"><a href=\"https:\/\/ideaphoto06.fr\/index.php\/contact\/\">CONTACT<\/a><\/li><li class=\"elementor-sitemap-item elementor-sitemap-item-page page_item page-item-63\"><a href=\"https:\/\/ideaphoto06.fr\/index.php\/photographe\/\">PHOTOGRAPHE<\/a><\/li><li class=\"elementor-sitemap-item elementor-sitemap-item-page page_item page-item-39\"><a href=\"https:\/\/ideaphoto06.fr\/index.php\/photobooth\/\">PHOTOBOOTH<\/a><\/li><li class=\"elementor-sitemap-item elementor-sitemap-item-page page_item page-item-5\"><a href=\"https:\/\/ideaphoto06.fr\/index.php\/mentions-legales\/\">MENTIONS L\u00c9GALES<\/a><\/li><li class=\"elementor-sitemap-item elementor-sitemap-item-page page_item page-item-3\"><a href=\"https:\/\/ideaphoto06.fr\/index.php\/politique-de-confidentialite\/\">POLITIQUE DE CONFIDENTIALIT\u00c9<\/a><\/li><li class=\"elementor-sitemap-item elementor-sitemap-item-page page_item page-item-2\"><a href=\"https:\/\/ideaphoto06.fr\/\">ACCUEIL<\/a><\/li><\/ul><\/div><\/div>\t\t\t\t<\/div>\n\t\t\t\t<\/div>\n\t\t\t\t\t<\/div>\n\t\t\t\t<\/div>\n\t\t\t\t<\/div>\n\t\t","protected":false},"excerpt":{"rendered":"<p>Plan de site IDEA PHOTO<\/p>\n","protected":false},"author":2,"featured_media":899,"parent":0,"menu_order":0,"comment_status":"closed","ping_status":"closed","template":"","meta":{"footnotes":""},"class_list":["post-1482","page","type-page","status-publish","has-post-thumbnail","hentry"],"_links":{"self":[{"href":"https:\/\/ideaphoto06.fr\/index.php\/wp-json\/wp\/v2\/pages\/1482","targetHints":{"allow":["GET"]}}],"collection":[{"href":"https:\/\/ideaphoto06.fr\/index.php\/wp-json\/wp\/v2\/pages"}],"about":[{"href":"https:\/\/ideaphoto06.fr\/index.php\/wp-json\/wp\/v2\/types\/page"}],"author":[{"embeddable":true,"href":"https:\/\/ideaphoto06.fr\/index.php\/wp-json\/wp\/v2\/users\/2"}],"replies":[{"embeddable":true,"href":"https:\/\/ideaphoto06.fr\/index.php\/wp-json\/wp\/v2\/comments?post=1482"}],"version-history":[{"count":4,"href":"https:\/\/ideaphoto06.fr\/index.php\/wp-json\/wp\/v2\/pages\/1482\/revisions"}],"predecessor-version":[{"id":1486,"href":"https:\/\/ideaphoto06.fr\/index.php\/wp-json\/wp\/v2\/pages\/1482\/revisions\/1486"}],"wp:featuredmedia":[{"embeddable":true,"href":"https:\/\/ideaphoto06.fr\/index.php\/wp-json\/wp\/v2\/media\/899"}],"wp:attachment":[{"href":"https:\/\/ideaphoto06.fr\/index.php\/wp-json\/wp\/v2\/media?parent=1482"}],"curies":[{"name":"wp","href":"https:\/\/api.w.org\/{rel}","templated":true}]}}