{"id":5,"date":"2023-11-19T18:00:09","date_gmt":"2023-11-19T17:00:09","guid":{"rendered":"https:\/\/fluide-air.website\/?page_id=5"},"modified":"2024-01-27T11:43:39","modified_gmt":"2024-01-27T10:43:39","slug":"mentions-legales","status":"publish","type":"page","link":"https:\/\/ideaphoto06.fr\/index.php\/mentions-legales\/","title":{"rendered":"MENTIONS L\u00c9GALES"},"content":{"rendered":"\t\t<div data-elementor-type=\"wp-page\" data-elementor-id=\"5\" class=\"elementor elementor-5\" data-elementor-post-type=\"page\">\n\t\t\t\t<div class=\"elementor-element elementor-element-d09b774 e-flex e-con-boxed e-con e-parent\" data-id=\"d09b774\" data-element_type=\"container\" data-e-type=\"container\">\n\t\t\t\t\t<div class=\"e-con-inner\">\n\t\t<div class=\"elementor-element elementor-element-fd7982b e-con-full e-flex e-con e-child\" data-id=\"fd7982b\" data-element_type=\"container\" data-e-type=\"container\">\n\t\t\t\t<div class=\"elementor-element elementor-element-515aa81 elementor-widget elementor-widget-heading\" data-id=\"515aa81\" data-element_type=\"widget\" data-e-type=\"widget\" data-widget_type=\"heading.default\">\n\t\t\t\t<div class=\"elementor-widget-container\">\n\t\t\t\t\t<h1 class=\"elementor-heading-title elementor-size-default\">MENTIONS L\u00c9GALES IDEA PHOTO<\/h1>\t\t\t\t<\/div>\n\t\t\t\t<\/div>\n\t\t\t\t<div class=\"elementor-element elementor-element-d62245f elementor-widget-divider--view-line elementor-widget elementor-widget-divider\" data-id=\"d62245f\" data-element_type=\"widget\" data-e-type=\"widget\" data-widget_type=\"divider.default\">\n\t\t\t\t<div class=\"elementor-widget-container\">\n\t\t\t\t\t\t\t<div class=\"elementor-divider\">\n\t\t\t<span class=\"elementor-divider-separator\">\n\t\t\t\t\t\t<\/span>\n\t\t<\/div>\n\t\t\t\t\t\t<\/div>\n\t\t\t\t<\/div>\n\t\t\t\t<\/div>\n\t\t\t\t<div class=\"elementor-element elementor-element-cac48f4 elementor-widget elementor-widget-text-editor\" data-id=\"cac48f4\" data-element_type=\"widget\" data-e-type=\"widget\" data-widget_type=\"text-editor.default\">\n\t\t\t\t<div class=\"elementor-widget-container\">\n\t\t\t\t\t\t\t\t\t<h2>\u00c9dition du site<\/h2>\n<p>Conform\u00e9ment aux dispositions de la loi n\u00b0 2004-575 du 21 juin 2004 pour la confiance en l\u2019\u00e9conomie num\u00e9rique, il est pr\u00e9cis\u00e9 aux utilisateurs du site https:\/\/ideaphoto06.fr\/ l\u2019identit\u00e9 des diff\u00e9rents intervenants dans le cadre de sa r\u00e9alisation et de son suivi.<\/p>\n\n<p>Le pr\u00e9sent site, accessible \u00e0 l\u2019URL https:\/\/ideaphoto06.fr\/, est \u00e9dit\u00e9 par :<\/p>\n<p><a style=\"color:#626262;\" href=\"http:\/\/gogency.fr\" target=\"_blank\" rel=\"noopener\">Gogency<\/a> , soci\u00e9t\u00e9 au capital de 4510 euros, inscrite au R.C.S. de NANTES sous le num\u00e9ro B 847 739 737, dont le si\u00e8ge social est situ\u00e9 au 1 Chem. de la Chatterie 44800 SAINT-HERBLAIN, repr\u00e9sent\u00e9(e) par Paul Gourdonneau d\u00fbment habilit\u00e9(e)<\/p>\n<p>Le num\u00e9ro individuel TVA de l\u2019\u00e9diteur est : FR85847739737.<\/p>\n<h2>H\u00e9bergement<\/h2>\n<p>Le Site est h\u00e9berg\u00e9 par la soci\u00e9t\u00e9 Infomaniak Network SA, situ\u00e9 Rue Eug\u00e8ne Marziano 25 1227 Les Acacias (GE), (contact t\u00e9l\u00e9phonique ou email : https:\/\/www.infomaniak.com\/fr\/aide).<\/p>\n\n<h2>Nous contacter<\/h2>\n<p>Par t\u00e9l\u00e9phone : 06 60 27 27 86<\/p>\n<p>Par email : ideaphoto06@gmail.com<\/p>\n\n<h2>Donn\u00e9es personnelles<\/h2>\n<p>Le traitement de vos donn\u00e9es \u00e0 caract\u00e8re personnel est r\u00e9gi par notre Charte du respect de la vie priv\u00e9e, disponible depuis la section \u201cCharte de Protection des Donn\u00e9es Personnelles\u201d, conform\u00e9ment au R\u00e8glement G\u00e9n\u00e9ral sur la Protection des Donn\u00e9es 2016\/679 du 27 avril 2016 (\u00abRGPD\u00bb).<\/p>\n<h2>N\u00b0 SIRET de l&rsquo;\u00e9tablissement :<\/h2>\n<p>52532921500038.<\/p>\t\t\t\t\t\t\t\t<\/div>\n\t\t\t\t<\/div>\n\t\t\t\t\t<\/div>\n\t\t\t\t<\/div>\n\t\t\t\t<\/div>\n\t\t","protected":false},"excerpt":{"rendered":"<p>MENTIONS L\u00c9GALES IDEA PHOTO \u00c9dition du site Conform\u00e9ment aux dispositions de la loi n\u00b0 2004-575 du 21 juin 2004 pour la confiance en l\u2019\u00e9conomie num\u00e9rique, il est pr\u00e9cis\u00e9 aux utilisateurs du site https:\/\/ideaphoto06.fr\/ l\u2019identit\u00e9 des diff\u00e9rents intervenants dans le cadre de sa r\u00e9alisation et de son suivi. Le pr\u00e9sent site, accessible \u00e0 l\u2019URL https:\/\/ideaphoto06.fr\/, est [&hellip;]<\/p>\n","protected":false},"author":1,"featured_media":0,"parent":0,"menu_order":0,"comment_status":"closed","ping_status":"closed","template":"","meta":{"footnotes":""},"class_list":["post-5","page","type-page","status-publish","hentry"],"_links":{"self":[{"href":"https:\/\/ideaphoto06.fr\/index.php\/wp-json\/wp\/v2\/pages\/5","targetHints":{"allow":["GET"]}}],"collection":[{"href":"https:\/\/ideaphoto06.fr\/index.php\/wp-json\/wp\/v2\/pages"}],"about":[{"href":"https:\/\/ideaphoto06.fr\/index.php\/wp-json\/wp\/v2\/types\/page"}],"author":[{"embeddable":true,"href":"https:\/\/ideaphoto06.fr\/index.php\/wp-json\/wp\/v2\/users\/1"}],"replies":[{"embeddable":true,"href":"https:\/\/ideaphoto06.fr\/index.php\/wp-json\/wp\/v2\/comments?post=5"}],"version-history":[{"count":9,"href":"https:\/\/ideaphoto06.fr\/index.php\/wp-json\/wp\/v2\/pages\/5\/revisions"}],"predecessor-version":[{"id":842,"href":"https:\/\/ideaphoto06.fr\/index.php\/wp-json\/wp\/v2\/pages\/5\/revisions\/842"}],"wp:attachment":[{"href":"https:\/\/ideaphoto06.fr\/index.php\/wp-json\/wp\/v2\/media?parent=5"}],"curies":[{"name":"wp","href":"https:\/\/api.w.org\/{rel}","templated":true}]}}